{"id":669,"date":"2021-01-20T09:05:27","date_gmt":"2021-01-20T08:05:27","guid":{"rendered":"http:\/\/dev.almadental.pl\/?page_id=669"},"modified":"2021-02-25T08:42:35","modified_gmt":"2021-02-25T07:42:35","slug":"rtg-zebowe","status":"publish","type":"page","link":"https:\/\/www.almadental.pl\/index.php\/oferta\/rtg-zebowe\/","title":{"rendered":"RTG z\u0119bowe"},"content":{"rendered":"\t\t<div data-elementor-type=\"wp-page\" data-elementor-id=\"669\" class=\"elementor elementor-669\">\n\t\t\t\t\t\t\t\t\t<section class=\"elementor-section elementor-top-section elementor-element elementor-element-bee9de1 elementor-section-boxed elementor-section-height-default elementor-section-height-default\" data-id=\"bee9de1\" data-element_type=\"section\">\n\t\t\t\t\t\t<div class=\"elementor-container elementor-column-gap-default\">\n\t\t\t\t\t<div class=\"elementor-column elementor-col-50 elementor-top-column elementor-element elementor-element-e62c7ec\" data-id=\"e62c7ec\" data-element_type=\"column\">\n\t\t\t<div class=\"elementor-widget-wrap elementor-element-populated\">\n\t\t\t\t\t\t\t\t<div class=\"elementor-element elementor-element-6320e6b elementor-widget elementor-widget-spacer\" data-id=\"6320e6b\" data-element_type=\"widget\" data-widget_type=\"spacer.default\">\n\t\t\t\t<div class=\"elementor-widget-container\">\n\t\t\t\t\t<div class=\"elementor-spacer\">\n\t\t\t<div class=\"elementor-spacer-inner\"><\/div>\n\t\t<\/div>\n\t\t\t\t<\/div>\n\t\t\t\t<\/div>\n\t\t\t\t<div class=\"elementor-element elementor-element-ed61d72 elementor-widget elementor-widget-heading\" data-id=\"ed61d72\" data-element_type=\"widget\" data-widget_type=\"heading.default\">\n\t\t\t\t<div class=\"elementor-widget-container\">\n\t\t\t<h2 class=\"elementor-heading-title elementor-size-default\">RTG z\u0119bowe <\/h2>\t\t<\/div>\n\t\t\t\t<\/div>\n\t\t\t\t<div class=\"elementor-element elementor-element-7524875 elementor-widget elementor-widget-text-editor\" data-id=\"7524875\" data-element_type=\"widget\" data-widget_type=\"text-editor.default\">\n\t\t\t\t<div class=\"elementor-widget-container\">\n\t\t\t\t\t\t\t<p>RTG\/RVG jest w stomatologii technik\u0105, kt\u00f3ra pozwala na precyzyjne uzyskanie informacji o stanie z\u0119b\u00f3w, korzeni z\u0119bowych jak i tkanek otaczaj\u0105cych z\u0119by. Dzi\u0119ki po\u0142\u0105czeniu klasycznego aparatu RTG z nowoczesnym sprz\u0119tem RVG mo\u017cemy natychmiast po ekspozycji oceni\u0107 stan z\u0119b\u00f3w na monitorze komputera, co daje mo\u017cliwo\u015b\u0107 wykonania niezb\u0119dnej oceny i pomiar\u00f3w. Zdj\u0119cie z\u0119bowe jest nieocenionym elementem w diagnostyce stomatologicznej dotycz\u0105cym stan\u00f3w zapalnych okolicy korzeni z\u0119b\u00f3w, sytuacji zwi\u0105zanych z b\u00f3lem z\u0119ba, kontroli po zako\u0144czonym leczeniu endodontycznym, wykrywaniem pr\u00f3chnicy na powierzchniach mi\u0119dzyz\u0119bowych, ale tak\u017ce do planowania zabieg\u00f3w chirurgicznych i protetycznych. Dzi\u0119ki opcjom bezprzewodowego przesy\u0142u obrazu, wykonane zdj\u0119cie RTG zapisywane jest w dokumentacji medycznej pacjenta, co daje mo\u017cliwo\u015b\u0107 natychmiastowego dost\u0119pu lekarzowi w gabinecie, u\u0142atwiaj\u0105c proces leczenia. Istnieje r\u00f3wnie\u017c mo\u017cliwo\u015b\u0107 zapisania wykonanego zdj\u0119cia RTG z\u0119bowego na no\u015bniku elektronicznym.<\/p>\t\t\t\t\t\t<\/div>\n\t\t\t\t<\/div>\n\t\t\t\t\t<\/div>\n\t\t<\/div>\n\t\t\t\t<div class=\"elementor-column elementor-col-50 elementor-top-column elementor-element elementor-element-5916420\" data-id=\"5916420\" data-element_type=\"column\">\n\t\t\t<div class=\"elementor-widget-wrap elementor-element-populated\">\n\t\t\t\t\t\t\t\t<div class=\"elementor-element elementor-element-f837a14 elementor-widget elementor-widget-spacer\" data-id=\"f837a14\" data-element_type=\"widget\" data-widget_type=\"spacer.default\">\n\t\t\t\t<div class=\"elementor-widget-container\">\n\t\t\t\t\t<div class=\"elementor-spacer\">\n\t\t\t<div class=\"elementor-spacer-inner\"><\/div>\n\t\t<\/div>\n\t\t\t\t<\/div>\n\t\t\t\t<\/div>\n\t\t\t\t<div class=\"elementor-element elementor-element-e3fef80 elementor-widget elementor-widget-image\" data-id=\"e3fef80\" data-element_type=\"widget\" data-widget_type=\"image.default\">\n\t\t\t\t<div class=\"elementor-widget-container\">\n\t\t\t\t\t\t\t\t\t\t\t\t\t\t\t<img decoding=\"async\" loading=\"lazy\" width=\"800\" height=\"600\" src=\"https:\/\/www.almadental.pl\/wp-content\/uploads\/2021\/01\/RTG.jpg\" class=\"attachment-large size-large wp-image-629\" alt=\"\" srcset=\"https:\/\/www.almadental.pl\/wp-content\/uploads\/2021\/01\/RTG.jpg 800w, https:\/\/www.almadental.pl\/wp-content\/uploads\/2021\/01\/RTG-300x225.jpg 300w, https:\/\/www.almadental.pl\/wp-content\/uploads\/2021\/01\/RTG-768x576.jpg 768w\" sizes=\"(max-width: 800px) 100vw, 800px\" \/>\t\t\t\t\t\t\t\t\t\t\t\t\t\t\t<\/div>\n\t\t\t\t<\/div>\n\t\t\t\t\t<\/div>\n\t\t<\/div>\n\t\t\t\t\t\t\t<\/div>\n\t\t<\/section>\n\t\t\t\t\t\t\t<\/div>\n\t\t","protected":false},"excerpt":{"rendered":"<p>RTG z\u0119bowe RTG\/RVG jest w stomatologii technik\u0105, kt\u00f3ra pozwala na precyzyjne uzyskanie informacji o stanie z\u0119b\u00f3w, korzeni z\u0119bowych jak i tkanek otaczaj\u0105cych z\u0119by. Dzi\u0119ki po\u0142\u0105czeniu klasycznego aparatu RTG z nowoczesnym sprz\u0119tem RVG mo\u017cemy natychmiast po ekspozycji oceni\u0107 stan z\u0119b\u00f3w na monitorze komputera, co daje mo\u017cliwo\u015b\u0107 wykonania niezb\u0119dnej oceny i pomiar\u00f3w. Zdj\u0119cie z\u0119bowe jest nieocenionym elementem &hellip;<\/p>\n<p class=\"read-more\"> <a class=\"\" href=\"https:\/\/www.almadental.pl\/index.php\/oferta\/rtg-zebowe\/\"> <span class=\"screen-reader-text\">RTG z\u0119bowe<\/span> Read More \u00bb<\/a><\/p>\n","protected":false},"author":3,"featured_media":0,"parent":157,"menu_order":0,"comment_status":"closed","ping_status":"closed","template":"","meta":{"site-sidebar-layout":"no-sidebar","site-content-layout":"page-builder","ast-site-content-layout":"","site-content-style":"default","site-sidebar-style":"default","ast-global-header-display":"","ast-banner-title-visibility":"","ast-main-header-display":"","ast-hfb-above-header-display":"","ast-hfb-below-header-display":"","ast-hfb-mobile-header-display":"","site-post-title":"disabled","ast-breadcrumbs-content":"","ast-featured-img":"disabled","footer-sml-layout":"","theme-transparent-header-meta":"enabled","adv-header-id-meta":"","stick-header-meta":"default","header-above-stick-meta":"","header-main-stick-meta":"","header-below-stick-meta":"","astra-migrate-meta-layouts":"","footnotes":""},"_links":{"self":[{"href":"https:\/\/www.almadental.pl\/index.php\/wp-json\/wp\/v2\/pages\/669"}],"collection":[{"href":"https:\/\/www.almadental.pl\/index.php\/wp-json\/wp\/v2\/pages"}],"about":[{"href":"https:\/\/www.almadental.pl\/index.php\/wp-json\/wp\/v2\/types\/page"}],"author":[{"embeddable":true,"href":"https:\/\/www.almadental.pl\/index.php\/wp-json\/wp\/v2\/users\/3"}],"replies":[{"embeddable":true,"href":"https:\/\/www.almadental.pl\/index.php\/wp-json\/wp\/v2\/comments?post=669"}],"version-history":[{"count":13,"href":"https:\/\/www.almadental.pl\/index.php\/wp-json\/wp\/v2\/pages\/669\/revisions"}],"predecessor-version":[{"id":843,"href":"https:\/\/www.almadental.pl\/index.php\/wp-json\/wp\/v2\/pages\/669\/revisions\/843"}],"up":[{"embeddable":true,"href":"https:\/\/www.almadental.pl\/index.php\/wp-json\/wp\/v2\/pages\/157"}],"wp:attachment":[{"href":"https:\/\/www.almadental.pl\/index.php\/wp-json\/wp\/v2\/media?parent=669"}],"curies":[{"name":"wp","href":"https:\/\/api.w.org\/{rel}","templated":true}]}}