{"id":713,"date":"2021-02-17T10:19:16","date_gmt":"2021-02-17T09:19:16","guid":{"rendered":"http:\/\/dev.almadental.pl\/?page_id=713"},"modified":"2021-04-08T10:49:09","modified_gmt":"2021-04-08T08:49:09","slug":"jak-przygotowac-sie-do-pierwszej-wizyty-dziecka-u-stomatologa","status":"publish","type":"page","link":"https:\/\/www.almadental.pl\/index.php\/poradnik-dla-pacjenta\/jak-przygotowac-sie-do-pierwszej-wizyty-dziecka-u-stomatologa\/","title":{"rendered":"Jak przygotowa\u0107 si\u0119 do pierwszej wizyty dziecka u stomatologa?"},"content":{"rendered":"\t\t<div data-elementor-type=\"wp-page\" data-elementor-id=\"713\" class=\"elementor elementor-713\">\n\t\t\t\t\t\t\t\t\t<section class=\"elementor-section elementor-top-section elementor-element elementor-element-f80da91 elementor-section-boxed elementor-section-height-default elementor-section-height-default\" data-id=\"f80da91\" data-element_type=\"section\">\n\t\t\t\t\t\t<div class=\"elementor-container elementor-column-gap-default\">\n\t\t\t\t\t<div class=\"elementor-column elementor-col-100 elementor-top-column elementor-element elementor-element-e80e1b3\" data-id=\"e80e1b3\" data-element_type=\"column\">\n\t\t\t<div class=\"elementor-widget-wrap elementor-element-populated\">\n\t\t\t\t\t\t\t\t<div class=\"elementor-element elementor-element-9ae6931 elementor-widget elementor-widget-heading\" data-id=\"9ae6931\" data-element_type=\"widget\" data-widget_type=\"heading.default\">\n\t\t\t\t<div class=\"elementor-widget-container\">\n\t\t\t<h2 class=\"elementor-heading-title elementor-size-default\">Jak przygotowa\u0107 si\u0119 do pierwszej wizyty dziecka <\/br>u stomatologa?<\/h2>\t\t<\/div>\n\t\t\t\t<\/div>\n\t\t\t\t<div class=\"elementor-element elementor-element-823bfb7 elementor-widget elementor-widget-text-editor\" data-id=\"823bfb7\" data-element_type=\"widget\" data-widget_type=\"text-editor.default\">\n\t\t\t\t<div class=\"elementor-widget-container\">\n\t\t\t\t\t\t\t<p>\u00a0 \u00a0 \u00a0 \u00a0 Dziecko jako pacjent to najbardziej wymagaj\u0105cy pacjent jakiego znamy, to pacjent wyczuwaj\u0105cy emocje i bardzo czujny obserwator. My w gabinecie AlmaDental o tym wiemy, dlatego staramy si\u0119, aby wizyta dziecka jako pacjenta przebiega\u0142a wzorcowo. Wizyt\u0119 zawsze rozpoczynamy o planowej godzinie wizyty, bo uwa\u017camy, \u017ce nie ma nic gorszego ni\u017c czekanie zbyt d\u0142ugo w poczekalni \u2013 tak\u0105 sytuacj\u0119 \u017ale znosz\u0105 doro\u015bli a dzieci jeszcze gorzej.<\/p><p><span class=\"Apple-converted-space\">\u00a0\u00a0 \u00a0 \u00a0 <\/span>Na wizycie ma\u0142ego pacjenta, zawsze w obecno\u015bci rodzica, t\u0142umaczymy dziecku co b\u0119dziemy robi\u0107, u\u017cywaj\u0105c cz\u0119sto zdrobnie\u0144 i okre\u015ble\u0144 zaczerpni\u0119tych z bajek. Niezbyt przez wszystkich lubiana ko\u0144c\u00f3wka usuwaj\u0105ca pr\u00f3chnic\u0119 zmienia si\u0119 wtedy w pszcz\u00f3\u0142k\u0119 Maj\u0119, a niechciana pr\u00f3chnica, kt\u00f3r\u0105 musimy wygoni\u0107 z z\u0119ba przemienia si\u0119 w ma\u0142ego robaka-pr\u00f3chniaka, kt\u00f3ry musi znikn\u0105\u0107 jak z\u0142a posta\u0107 z bajki Disneya. Wype\u0142nienie to u nas specjalna plastelina, kt\u00f3r\u0105 nak\u0142adamy warstwami jak w torcie, \u015bwiec\u0105c specjalna lamp\u0105, kt\u00f3rej boja si\u0119 inne robaki.<span class=\"Apple-converted-space\">\u00a0<\/span><\/p><p><span class=\"Apple-converted-space\">\u00a0 \u00a0 \u00a0 \u00a0 <\/span>Mamy te\u017c \u017celazn\u0105 zasad\u0119, nigdy nie k\u0142amiemy dziecka, nie u\u017cywamy okre\u015ble\u0144 \u201ena pewno nie b\u0119dzie bola\u0142o\u201d, bo dzieci k\u0142amstwa nie wybaczaj\u0105 nigdy, a raz zawiedzione zaufanie musieliby\u015bmy odbudowywa\u0107 bardzo d\u0142ugo. Dobr\u0105 wsp\u00f3\u0142prac\u0119 przy leczeniu zawsze premiujemy nagrod\u0105-zabawk\u0105. Ca\u0142e swoje dzia\u0142ania i zaanga\u017cowanie podczas leczenia, wykonujemy po to, aby m\u00f3c ma\u0142emu pacjentowi na koniec wizyty powiedzie\u0107 \u201edo zobaczenia\u201d.<span class=\"Apple-converted-space\">\u00a0<\/span><\/p><p><span class=\"Apple-converted-space\">\u00a0\u00a0 \u00a0 \u00a0 <\/span>U dzieci, warto jako rodzic pami\u0119ta\u0107 o zalecanych wizytach kontrolnych, kt\u00f3re powinny by\u0107 przeprowadzane co oko\u0142o 3 miesi\u0105ce. Je\u015bli dziecko przychodzi na wizyty kontrolne systematycznie to ryzyko wyst\u0105pienia sytuacji b\u00f3lowej zwi\u0105zanej z z\u0119bem jest minimalne a leczenia jest wtedy bezstresowe.<\/p>\t\t\t\t\t\t<\/div>\n\t\t\t\t<\/div>\n\t\t\t\t\t<\/div>\n\t\t<\/div>\n\t\t\t\t\t\t\t<\/div>\n\t\t<\/section>\n\t\t\t\t\t\t\t<\/div>\n\t\t","protected":false},"excerpt":{"rendered":"<p>Jak przygotowa\u0107 si\u0119 do pierwszej wizyty dziecka u stomatologa? \u00a0 \u00a0 \u00a0 \u00a0 Dziecko jako pacjent to najbardziej wymagaj\u0105cy pacjent jakiego znamy, to pacjent wyczuwaj\u0105cy emocje i bardzo czujny obserwator. My w gabinecie AlmaDental o tym wiemy, dlatego staramy si\u0119, aby wizyta dziecka jako pacjenta przebiega\u0142a wzorcowo. Wizyt\u0119 zawsze rozpoczynamy o planowej godzinie wizyty, bo &hellip;<\/p>\n<p class=\"read-more\"> <a class=\"\" href=\"https:\/\/www.almadental.pl\/index.php\/poradnik-dla-pacjenta\/jak-przygotowac-sie-do-pierwszej-wizyty-dziecka-u-stomatologa\/\"> <span class=\"screen-reader-text\">Jak przygotowa\u0107 si\u0119 do pierwszej wizyty dziecka u stomatologa?<\/span> Read More \u00bb<\/a><\/p>\n","protected":false},"author":3,"featured_media":0,"parent":170,"menu_order":0,"comment_status":"closed","ping_status":"closed","template":"","meta":{"site-sidebar-layout":"no-sidebar","site-content-layout":"page-builder","ast-site-content-layout":"","site-content-style":"default","site-sidebar-style":"default","ast-global-header-display":"","ast-banner-title-visibility":"","ast-main-header-display":"","ast-hfb-above-header-display":"","ast-hfb-below-header-display":"","ast-hfb-mobile-header-display":"","site-post-title":"disabled","ast-breadcrumbs-content":"","ast-featured-img":"disabled","footer-sml-layout":"","theme-transparent-header-meta":"enabled","adv-header-id-meta":"","stick-header-meta":"default","header-above-stick-meta":"","header-main-stick-meta":"","header-below-stick-meta":"","astra-migrate-meta-layouts":"","footnotes":""},"_links":{"self":[{"href":"https:\/\/www.almadental.pl\/index.php\/wp-json\/wp\/v2\/pages\/713"}],"collection":[{"href":"https:\/\/www.almadental.pl\/index.php\/wp-json\/wp\/v2\/pages"}],"about":[{"href":"https:\/\/www.almadental.pl\/index.php\/wp-json\/wp\/v2\/types\/page"}],"author":[{"embeddable":true,"href":"https:\/\/www.almadental.pl\/index.php\/wp-json\/wp\/v2\/users\/3"}],"replies":[{"embeddable":true,"href":"https:\/\/www.almadental.pl\/index.php\/wp-json\/wp\/v2\/comments?post=713"}],"version-history":[{"count":10,"href":"https:\/\/www.almadental.pl\/index.php\/wp-json\/wp\/v2\/pages\/713\/revisions"}],"predecessor-version":[{"id":885,"href":"https:\/\/www.almadental.pl\/index.php\/wp-json\/wp\/v2\/pages\/713\/revisions\/885"}],"up":[{"embeddable":true,"href":"https:\/\/www.almadental.pl\/index.php\/wp-json\/wp\/v2\/pages\/170"}],"wp:attachment":[{"href":"https:\/\/www.almadental.pl\/index.php\/wp-json\/wp\/v2\/media?parent=713"}],"curies":[{"name":"wp","href":"https:\/\/api.w.org\/{rel}","templated":true}]}}