{"id":733,"date":"2021-02-17T10:34:42","date_gmt":"2021-02-17T09:34:42","guid":{"rendered":"http:\/\/dev.almadental.pl\/?page_id=733"},"modified":"2021-02-25T08:44:38","modified_gmt":"2021-02-25T07:44:38","slug":"czy-wykonywane-u-stomatologa-rtg-zeba-jest-bezpieczne","status":"publish","type":"page","link":"https:\/\/www.almadental.pl\/index.php\/poradnik-dla-pacjenta\/czy-wykonywane-u-stomatologa-rtg-zeba-jest-bezpieczne\/","title":{"rendered":"Czy wykonywane u stomatologa RTG z\u0119ba jest bezpieczne?"},"content":{"rendered":"\t\t<div data-elementor-type=\"wp-page\" data-elementor-id=\"733\" class=\"elementor elementor-733\">\n\t\t\t\t\t\t\t\t\t<section class=\"elementor-section elementor-top-section elementor-element elementor-element-f80da91 elementor-section-boxed elementor-section-height-default elementor-section-height-default\" data-id=\"f80da91\" data-element_type=\"section\">\n\t\t\t\t\t\t<div class=\"elementor-container elementor-column-gap-default\">\n\t\t\t\t\t<div class=\"elementor-column elementor-col-100 elementor-top-column elementor-element elementor-element-e80e1b3\" data-id=\"e80e1b3\" data-element_type=\"column\">\n\t\t\t<div class=\"elementor-widget-wrap elementor-element-populated\">\n\t\t\t\t\t\t\t\t<div class=\"elementor-element elementor-element-9ae6931 elementor-widget elementor-widget-heading\" data-id=\"9ae6931\" data-element_type=\"widget\" data-widget_type=\"heading.default\">\n\t\t\t\t<div class=\"elementor-widget-container\">\n\t\t\t<h2 class=\"elementor-heading-title elementor-size-default\">Czy wykonywane u stomatologa RTG z\u0119ba jest bezpieczne?\n<\/h2>\t\t<\/div>\n\t\t\t\t<\/div>\n\t\t\t\t<div class=\"elementor-element elementor-element-823bfb7 elementor-widget elementor-widget-text-editor\" data-id=\"823bfb7\" data-element_type=\"widget\" data-widget_type=\"text-editor.default\">\n\t\t\t\t<div class=\"elementor-widget-container\">\n\t\t\t\t\t\t\t<p>\u00a0 \u00a0 \u00a0 \u00a0 \u00a0Zdj\u0119cie radiologiczne wykonywane w gabinecie stomatologicznym ma dostarczy\u0107 lekarzowi cennych informacji diagnostycznych, kt\u00f3rych zdobycie jest niemo\u017cliwe w inny spos\u00f3b. Ka\u017cde wykonane zdj\u0119cie radiologiczne powinno mie\u0107 faktyczny pow\u00f3d i wynika\u0107 z konieczno\u015bci poszerzenia diagnostyki oraz by\u0107 wykonywane na wyra\u017ane zalecenie lekarza stomatologa. Jest to procedura bezpieczna i zwi\u0105zana z dawk\u0105 promieniowania podobn\u0105 do dawki wyst\u0119puj\u0105cej w wielu sytuacjach codziennych, na kt\u00f3re pacjent wystawiony jest bez swojej wiedzy. W AlmaDental stosujemy tylko radiowizjografi\u0119 cyfrow\u0105, kt\u00f3ra daje o oko\u0142o 90% mniejsze promieniowanie ni\u017c tradycyjny rentgen analogowy. Wynika to ze skr\u00f3cenia czasu ekspozycji podczas wykonywania zdj\u0119cia radiologicznego w tej technice. Podczas wykonywanego zdj\u0119cia rtg z\u0119ba mamy doczynienia z dawk\u0105 wynosz\u0105ca oko\u0142o 1 \u03bcSv. Z ciekawostek lot z Polski do Egiptu, trwaj\u0105cy oko\u0142o 4 godzin to oko\u0142o 40 zdj\u0119\u0107 radiologicznych pojedynczego z\u0119ba.<span class=\"Apple-converted-space\">\u00a0<\/span><\/p>\t\t\t\t\t\t<\/div>\n\t\t\t\t<\/div>\n\t\t\t\t\t<\/div>\n\t\t<\/div>\n\t\t\t\t\t\t\t<\/div>\n\t\t<\/section>\n\t\t\t\t\t\t\t<\/div>\n\t\t","protected":false},"excerpt":{"rendered":"<p>Czy wykonywane u stomatologa RTG z\u0119ba jest bezpieczne? \u00a0 \u00a0 \u00a0 \u00a0 \u00a0Zdj\u0119cie radiologiczne wykonywane w gabinecie stomatologicznym ma dostarczy\u0107 lekarzowi cennych informacji diagnostycznych, kt\u00f3rych zdobycie jest niemo\u017cliwe w inny spos\u00f3b. Ka\u017cde wykonane zdj\u0119cie radiologiczne powinno mie\u0107 faktyczny pow\u00f3d i wynika\u0107 z konieczno\u015bci poszerzenia diagnostyki oraz by\u0107 wykonywane na wyra\u017ane zalecenie lekarza stomatologa. Jest to &hellip;<\/p>\n<p class=\"read-more\"> <a class=\"\" href=\"https:\/\/www.almadental.pl\/index.php\/poradnik-dla-pacjenta\/czy-wykonywane-u-stomatologa-rtg-zeba-jest-bezpieczne\/\"> <span class=\"screen-reader-text\">Czy wykonywane u stomatologa RTG z\u0119ba jest bezpieczne?<\/span> Read More \u00bb<\/a><\/p>\n","protected":false},"author":3,"featured_media":0,"parent":170,"menu_order":0,"comment_status":"closed","ping_status":"closed","template":"","meta":{"site-sidebar-layout":"no-sidebar","site-content-layout":"page-builder","ast-site-content-layout":"","site-content-style":"default","site-sidebar-style":"default","ast-global-header-display":"","ast-banner-title-visibility":"","ast-main-header-display":"","ast-hfb-above-header-display":"","ast-hfb-below-header-display":"","ast-hfb-mobile-header-display":"","site-post-title":"disabled","ast-breadcrumbs-content":"","ast-featured-img":"disabled","footer-sml-layout":"","theme-transparent-header-meta":"enabled","adv-header-id-meta":"","stick-header-meta":"default","header-above-stick-meta":"","header-main-stick-meta":"","header-below-stick-meta":"","astra-migrate-meta-layouts":"","footnotes":""},"_links":{"self":[{"href":"https:\/\/www.almadental.pl\/index.php\/wp-json\/wp\/v2\/pages\/733"}],"collection":[{"href":"https:\/\/www.almadental.pl\/index.php\/wp-json\/wp\/v2\/pages"}],"about":[{"href":"https:\/\/www.almadental.pl\/index.php\/wp-json\/wp\/v2\/types\/page"}],"author":[{"embeddable":true,"href":"https:\/\/www.almadental.pl\/index.php\/wp-json\/wp\/v2\/users\/3"}],"replies":[{"embeddable":true,"href":"https:\/\/www.almadental.pl\/index.php\/wp-json\/wp\/v2\/comments?post=733"}],"version-history":[{"count":7,"href":"https:\/\/www.almadental.pl\/index.php\/wp-json\/wp\/v2\/pages\/733\/revisions"}],"predecessor-version":[{"id":852,"href":"https:\/\/www.almadental.pl\/index.php\/wp-json\/wp\/v2\/pages\/733\/revisions\/852"}],"up":[{"embeddable":true,"href":"https:\/\/www.almadental.pl\/index.php\/wp-json\/wp\/v2\/pages\/170"}],"wp:attachment":[{"href":"https:\/\/www.almadental.pl\/index.php\/wp-json\/wp\/v2\/media?parent=733"}],"curies":[{"name":"wp","href":"https:\/\/api.w.org\/{rel}","templated":true}]}}