{"id":749,"date":"2021-02-17T10:38:16","date_gmt":"2021-02-17T09:38:16","guid":{"rendered":"http:\/\/dev.almadental.pl\/?page_id=749"},"modified":"2021-02-25T08:44:16","modified_gmt":"2021-02-25T07:44:16","slug":"co-zrobic-gdy-zauwazymy-ze-nasze-zeby-sie-chwieja","status":"publish","type":"page","link":"https:\/\/www.almadental.pl\/index.php\/poradnik-dla-pacjenta\/co-zrobic-gdy-zauwazymy-ze-nasze-zeby-sie-chwieja\/","title":{"rendered":"Co zrobi\u0107, gdy zauwa\u017cymy, \u017ce nasze z\u0119by si\u0119 chwiej\u0105?"},"content":{"rendered":"\t\t<div data-elementor-type=\"wp-page\" data-elementor-id=\"749\" class=\"elementor elementor-749\">\n\t\t\t\t\t\t\t\t\t<section class=\"elementor-section elementor-top-section elementor-element elementor-element-f80da91 elementor-section-boxed elementor-section-height-default elementor-section-height-default\" data-id=\"f80da91\" data-element_type=\"section\">\n\t\t\t\t\t\t<div class=\"elementor-container elementor-column-gap-default\">\n\t\t\t\t\t<div class=\"elementor-column elementor-col-100 elementor-top-column elementor-element elementor-element-e80e1b3\" data-id=\"e80e1b3\" data-element_type=\"column\">\n\t\t\t<div class=\"elementor-widget-wrap elementor-element-populated\">\n\t\t\t\t\t\t\t\t<div class=\"elementor-element elementor-element-9ae6931 elementor-widget elementor-widget-heading\" data-id=\"9ae6931\" data-element_type=\"widget\" data-widget_type=\"heading.default\">\n\t\t\t\t<div class=\"elementor-widget-container\">\n\t\t\t<h2 class=\"elementor-heading-title elementor-size-default\">Co zrobi\u0107, gdy zauwa\u017cymy, \u017ce nasze <br>z\u0119by si\u0119 chwiej\u0105?\n<\/h2>\t\t<\/div>\n\t\t\t\t<\/div>\n\t\t\t\t<div class=\"elementor-element elementor-element-823bfb7 elementor-widget elementor-widget-text-editor\" data-id=\"823bfb7\" data-element_type=\"widget\" data-widget_type=\"text-editor.default\">\n\t\t\t\t<div class=\"elementor-widget-container\">\n\t\t\t\t\t\t\t<p>\u00a0 \u00a0 \u00a0 \u00a0 Wraz z wiekiem r\u00f3wnie\u017c i nasze z\u0119by zaczynaj\u0105 dawa\u0107 zna\u0107, \u017ce si\u0119 &#8222;starzej\u0105&#8221;. Stopniowo obna\u017caj\u0105 si\u0119 szyjki z\u0119b\u00f3w powoduj\u0105c nadwra\u017cliwo\u015b\u0107, a\u017c dochodzi do momentu, \u017ce z\u0119by zaczynaj\u0105 si\u0119 rusza\u0107. Taka sytuacja jest wskazaniem do leczenia periodontologicznego &#8211; nale\u017cy wykona\u0107 wtedy profesjonalne oczyszczanie z\u0119b\u00f3w w gabinecie stomatologicznym, zadba\u0107 o prawid\u0142ow\u0105 higien\u0119, a w przypadkach bardziej zaawansowanych &#8211; zszynowa\u0107 z\u0119by, co pozwoli nam na d\u0142u\u017csze cieszenie si\u0119 swoim u\u015bmiechem. Nie nale\u017cy zapomnie\u0107 o kontrolnych wizytach u stomatologa, kt\u00f3re pomog\u0105 zachowa\u0107 nasze z\u0119by w dobrej formie na d\u0142u\u017cej.<\/p>\t\t\t\t\t\t<\/div>\n\t\t\t\t<\/div>\n\t\t\t\t\t<\/div>\n\t\t<\/div>\n\t\t\t\t\t\t\t<\/div>\n\t\t<\/section>\n\t\t\t\t\t\t\t<\/div>\n\t\t","protected":false},"excerpt":{"rendered":"<p>Co zrobi\u0107, gdy zauwa\u017cymy, \u017ce nasze z\u0119by si\u0119 chwiej\u0105? \u00a0 \u00a0 \u00a0 \u00a0 Wraz z wiekiem r\u00f3wnie\u017c i nasze z\u0119by zaczynaj\u0105 dawa\u0107 zna\u0107, \u017ce si\u0119 &#8222;starzej\u0105&#8221;. Stopniowo obna\u017caj\u0105 si\u0119 szyjki z\u0119b\u00f3w powoduj\u0105c nadwra\u017cliwo\u015b\u0107, a\u017c dochodzi do momentu, \u017ce z\u0119by zaczynaj\u0105 si\u0119 rusza\u0107. Taka sytuacja jest wskazaniem do leczenia periodontologicznego &#8211; nale\u017cy wykona\u0107 wtedy profesjonalne oczyszczanie &hellip;<\/p>\n<p class=\"read-more\"> <a class=\"\" href=\"https:\/\/www.almadental.pl\/index.php\/poradnik-dla-pacjenta\/co-zrobic-gdy-zauwazymy-ze-nasze-zeby-sie-chwieja\/\"> <span class=\"screen-reader-text\">Co zrobi\u0107, gdy zauwa\u017cymy, \u017ce nasze z\u0119by si\u0119 chwiej\u0105?<\/span> Read More \u00bb<\/a><\/p>\n","protected":false},"author":3,"featured_media":0,"parent":170,"menu_order":0,"comment_status":"closed","ping_status":"closed","template":"","meta":{"site-sidebar-layout":"no-sidebar","site-content-layout":"page-builder","ast-site-content-layout":"","site-content-style":"default","site-sidebar-style":"default","ast-global-header-display":"","ast-banner-title-visibility":"","ast-main-header-display":"","ast-hfb-above-header-display":"","ast-hfb-below-header-display":"","ast-hfb-mobile-header-display":"","site-post-title":"disabled","ast-breadcrumbs-content":"","ast-featured-img":"disabled","footer-sml-layout":"","theme-transparent-header-meta":"enabled","adv-header-id-meta":"","stick-header-meta":"default","header-above-stick-meta":"","header-main-stick-meta":"","header-below-stick-meta":"","astra-migrate-meta-layouts":"","footnotes":""},"_links":{"self":[{"href":"https:\/\/www.almadental.pl\/index.php\/wp-json\/wp\/v2\/pages\/749"}],"collection":[{"href":"https:\/\/www.almadental.pl\/index.php\/wp-json\/wp\/v2\/pages"}],"about":[{"href":"https:\/\/www.almadental.pl\/index.php\/wp-json\/wp\/v2\/types\/page"}],"author":[{"embeddable":true,"href":"https:\/\/www.almadental.pl\/index.php\/wp-json\/wp\/v2\/users\/3"}],"replies":[{"embeddable":true,"href":"https:\/\/www.almadental.pl\/index.php\/wp-json\/wp\/v2\/comments?post=749"}],"version-history":[{"count":10,"href":"https:\/\/www.almadental.pl\/index.php\/wp-json\/wp\/v2\/pages\/749\/revisions"}],"predecessor-version":[{"id":849,"href":"https:\/\/www.almadental.pl\/index.php\/wp-json\/wp\/v2\/pages\/749\/revisions\/849"}],"up":[{"embeddable":true,"href":"https:\/\/www.almadental.pl\/index.php\/wp-json\/wp\/v2\/pages\/170"}],"wp:attachment":[{"href":"https:\/\/www.almadental.pl\/index.php\/wp-json\/wp\/v2\/media?parent=749"}],"curies":[{"name":"wp","href":"https:\/\/api.w.org\/{rel}","templated":true}]}}